{"id":1434,"date":"2022-07-24T13:14:17","date_gmt":"2022-07-24T18:14:17","guid":{"rendered":"https:\/\/paulmclean.co\/?page_id=1434"},"modified":"2024-01-02T13:06:32","modified_gmt":"2024-01-02T18:06:32","slug":"pvsolhilfe","status":"publish","type":"page","link":"https:\/\/paulmclean.co\/en\/pvsolhilfe\/","title":{"rendered":"PV*SOL Coaching"},"content":{"rendered":"<div data-elementor-type=\"wp-page\" data-elementor-id=\"1434\" class=\"elementor elementor-1434\">\n\t\t\t\t\t\t<section class=\"elementor-section elementor-top-section elementor-element elementor-element-2cd3667 elementor-section-boxed elementor-section-height-default elementor-section-height-default\" data-id=\"2cd3667\" data-element_type=\"section\">\n\t\t\t\t\t\t<div class=\"elementor-container elementor-column-gap-default\">\n\t\t\t\t\t<div class=\"elementor-column elementor-col-100 elementor-top-column elementor-element elementor-element-5ac8c7a\" data-id=\"5ac8c7a\" data-element_type=\"column\">\n\t\t\t<div class=\"elementor-widget-wrap elementor-element-populated\">\n\t\t\t\t\t\t<div class=\"elementor-element elementor-element-06fe68e elementor-widget elementor-widget-heading\" data-id=\"06fe68e\" data-element_type=\"widget\" data-widget_type=\"heading.default\">\n\t\t\t\t<div class=\"elementor-widget-container\">\n\t\t\t\t\t<h2 class=\"elementor-heading-title elementor-size-default\">Do you have questions about PV*SOL or PV*SOL Premium?<\/h2>\t\t\t\t<\/div>\n\t\t\t\t<\/div>\n\t\t\t\t<div class=\"elementor-element elementor-element-5af1ebd elementor-align-center elementor-button-info elementor-widget elementor-widget-button\" data-id=\"5af1ebd\" data-element_type=\"widget\" data-widget_type=\"button.default\">\n\t\t\t\t<div class=\"elementor-widget-container\">\n\t\t\t\t\t\t\t\t\t<div class=\"elementor-button-wrapper\">\n\t\t\t\t\t<a class=\"elementor-button elementor-button-link elementor-size-sm\" href=\"mailto:info@paulmclean.co\" target=\"_blank\">\n\t\t\t\t\t\t<span class=\"elementor-button-content-wrapper\">\n\t\t\t\t\t\t\t\t\t<span class=\"elementor-button-text\">info@paulmclean.co<\/span>\n\t\t\t\t\t<\/span>\n\t\t\t\t\t<\/a>\n\t\t\t\t<\/div>\n\t\t\t\t\t\t\t\t<\/div>\n\t\t\t\t<\/div>\n\t\t\t\t<div class=\"elementor-element elementor-element-8a283a8 elementor-widget elementor-widget-text-editor\" data-id=\"8a283a8\" data-element_type=\"widget\" data-widget_type=\"text-editor.default\">\n\t\t\t\t<div class=\"elementor-widget-container\">\n\t\t\t\t\t\t\t\t\t<p><span style=\"font-weight: 400;\">General introduction to the main features of the software that will allow you to use it more effectively.<\/span><\/p>\t\t\t\t\t\t\t\t<\/div>\n\t\t\t\t<\/div>\n\t\t\t\t\t<\/div>\n\t\t<\/div>\n\t\t\t\t\t<\/div>\n\t\t<\/section>\n\t\t\t\t<section class=\"elementor-section elementor-top-section elementor-element elementor-element-c26da5b elementor-section-boxed elementor-section-height-default elementor-section-height-default\" data-id=\"c26da5b\" data-element_type=\"section\">\n\t\t\t\t\t\t<div class=\"elementor-container elementor-column-gap-default\">\n\t\t\t\t\t<div class=\"elementor-column elementor-col-50 elementor-top-column elementor-element elementor-element-518631d\" data-id=\"518631d\" data-element_type=\"column\">\n\t\t\t<div class=\"elementor-widget-wrap elementor-element-populated\">\n\t\t\t\t\t\t<div class=\"elementor-element elementor-element-4e3b854 elementor-widget elementor-widget-image\" data-id=\"4e3b854\" data-element_type=\"widget\" data-widget_type=\"image.default\">\n\t\t\t\t<div class=\"elementor-widget-container\">\n\t\t\t\t\t\t\t\t\t\t\t\t\t\t\t<img fetchpriority=\"high\" decoding=\"async\" width=\"648\" height=\"615\" src=\"https:\/\/paulmclean.co\/wp-content\/uploads\/2022\/02\/22-Modules-neu.jpg\" class=\"attachment-large size-large wp-image-336\" alt=\"\" srcset=\"https:\/\/paulmclean.co\/wp-content\/uploads\/2022\/02\/22-Modules-neu.jpg 648w, https:\/\/paulmclean.co\/wp-content\/uploads\/2022\/02\/22-Modules-neu-300x285.jpg 300w, https:\/\/paulmclean.co\/wp-content\/uploads\/2022\/02\/22-Modules-neu-32x30.jpg 32w, https:\/\/paulmclean.co\/wp-content\/uploads\/2022\/02\/22-Modules-neu-84x80.jpg 84w, https:\/\/paulmclean.co\/wp-content\/uploads\/2022\/02\/22-Modules-neu-319x303.jpg 319w\" sizes=\"(max-width: 648px) 100vw, 648px\" \/>\t\t\t\t\t\t\t\t\t\t\t\t\t\t\t<\/div>\n\t\t\t\t<\/div>\n\t\t\t\t\t<\/div>\n\t\t<\/div>\n\t\t\t\t<div class=\"elementor-column elementor-col-50 elementor-top-column elementor-element elementor-element-3ee1831\" data-id=\"3ee1831\" data-element_type=\"column\">\n\t\t\t<div class=\"elementor-widget-wrap elementor-element-populated\">\n\t\t\t\t\t\t<div class=\"elementor-element elementor-element-d08652b elementor-widget elementor-widget-heading\" data-id=\"d08652b\" data-element_type=\"widget\" data-widget_type=\"heading.default\">\n\t\t\t\t<div class=\"elementor-widget-container\">\n\t\t\t\t\t<h2 class=\"elementor-heading-title elementor-size-default\">Personalised introduction to the software PV*SOL and PV*SOL premium<\/h2>\t\t\t\t<\/div>\n\t\t\t\t<\/div>\n\t\t\t\t<div class=\"elementor-element elementor-element-8182c60 elementor-widget elementor-widget-text-editor\" data-id=\"8182c60\" data-element_type=\"widget\" data-widget_type=\"text-editor.default\">\n\t\t\t\t<div class=\"elementor-widget-container\">\n\t\t\t\t\t\t\t\t\t<p><span style=\"font-weight: 400;\">I offer practical introductions into the software. For this purpose, I have prepared courses of different lengths. I can also customise the introduction to your specific needs.\u00a0<\/span><\/p><p><span style=\"font-weight: 400;\">The introduction will take place via Zoom, I will send you an invitation by e-mail in advance. If you do not already have Zoom installed please download the software <\/span><a href=\"https:\/\/zoom.us\/download\"><span style=\"font-weight: 400;\">https:\/\/zoom.us\/download<\/span><\/a><\/p><p>Price:  90 EUR \/ hour<\/p>\t\t\t\t\t\t\t\t<\/div>\n\t\t\t\t<\/div>\n\t\t\t\t\t<\/div>\n\t\t<\/div>\n\t\t\t\t\t<\/div>\n\t\t<\/section>\n\t\t\t\t<section class=\"elementor-section elementor-top-section elementor-element elementor-element-4056a9b elementor-section-boxed elementor-section-height-default elementor-section-height-default\" data-id=\"4056a9b\" data-element_type=\"section\">\n\t\t\t\t\t\t<div class=\"elementor-container elementor-column-gap-default\">\n\t\t\t\t\t<div class=\"elementor-column elementor-col-50 elementor-top-column elementor-element elementor-element-c1a30be\" data-id=\"c1a30be\" data-element_type=\"column\">\n\t\t\t<div class=\"elementor-widget-wrap elementor-element-populated\">\n\t\t\t\t\t\t<div class=\"elementor-element elementor-element-2120bcf elementor-widget elementor-widget-image\" data-id=\"2120bcf\" data-element_type=\"widget\" data-widget_type=\"image.default\">\n\t\t\t\t<div class=\"elementor-widget-container\">\n\t\t\t\t\t\t\t\t\t\t\t\t\t\t\t<img decoding=\"async\" width=\"800\" height=\"565\" data-src=\"https:\/\/paulmclean.co\/wp-content\/uploads\/2022\/01\/Marzipan-Moll.png\" class=\"attachment-large size-large wp-image-98 lazyload\" alt=\"\" data-srcset=\"https:\/\/paulmclean.co\/wp-content\/uploads\/2022\/01\/Marzipan-Moll.png 862w, https:\/\/paulmclean.co\/wp-content\/uploads\/2022\/01\/Marzipan-Moll-300x212.png 300w, https:\/\/paulmclean.co\/wp-content\/uploads\/2022\/01\/Marzipan-Moll-768x543.png 768w, https:\/\/paulmclean.co\/wp-content\/uploads\/2022\/01\/Marzipan-Moll-42x30.png 42w, https:\/\/paulmclean.co\/wp-content\/uploads\/2022\/01\/Marzipan-Moll-113x80.png 113w, https:\/\/paulmclean.co\/wp-content\/uploads\/2022\/01\/Marzipan-Moll-394x278.png 394w\" data-sizes=\"(max-width: 800px) 100vw, 800px\" src=\"data:image\/gif;base64,R0lGODlhAQABAAAAACH5BAEKAAEALAAAAAABAAEAAAICTAEAOw==\" style=\"--smush-placeholder-width: 800px; --smush-placeholder-aspect-ratio: 800\/565;\" \/>\t\t\t\t\t\t\t\t\t\t\t\t\t\t\t<\/div>\n\t\t\t\t<\/div>\n\t\t\t\t\t<\/div>\n\t\t<\/div>\n\t\t\t\t<div class=\"elementor-column elementor-col-50 elementor-top-column elementor-element elementor-element-7ae4948\" data-id=\"7ae4948\" data-element_type=\"column\">\n\t\t\t<div class=\"elementor-widget-wrap elementor-element-populated\">\n\t\t\t\t\t\t<div class=\"elementor-element elementor-element-69ad93f elementor-widget elementor-widget-heading\" data-id=\"69ad93f\" data-element_type=\"widget\" data-widget_type=\"heading.default\">\n\t\t\t\t<div class=\"elementor-widget-container\">\n\t\t\t\t\t<h2 class=\"elementor-heading-title elementor-size-default\">Individual troubleshooting  for PV*SOL and PV*SOL premium<\/h2>\t\t\t\t<\/div>\n\t\t\t\t<\/div>\n\t\t\t\t<div class=\"elementor-element elementor-element-0d1d162 elementor-widget elementor-widget-text-editor\" data-id=\"0d1d162\" data-element_type=\"widget\" data-widget_type=\"text-editor.default\">\n\t\t\t\t<div class=\"elementor-widget-container\">\n\t\t\t\t\t\t\t\t\t<p><span style=\"font-weight: 400;\">I offer individual troubleshooting and special coaching in the software.<\/span><\/p>\n<p><span style=\"font-weight: 400;\"> If you have a specific problem or an idea how you want to display something in the software, which goes through the technical support at Valentin Software, I can help you to solve the problem or present a goal-oriented solution.<\/span><\/p>\n<p><span style=\"font-weight: 400;\">The troubleshooting will take place via Zoom, I will send you an invitation by e-mail in advance. If you do not already have Zoom installed please download the software <\/span><a href=\"https:\/\/zoom.us\/download\"><span style=\"font-weight: 400;\">https:\/\/zoom.us\/download<\/span><\/a><\/p>\n<p>Price:  90 EUR \/ hour<\/p>\t\t\t\t\t\t\t\t<\/div>\n\t\t\t\t<\/div>\n\t\t\t\t\t<\/div>\n\t\t<\/div>\n\t\t\t\t\t<\/div>\n\t\t<\/section>\n\t\t\t\t<section class=\"elementor-section elementor-top-section elementor-element elementor-element-5401bcd elementor-section-boxed elementor-section-height-default elementor-section-height-default\" data-id=\"5401bcd\" data-element_type=\"section\">\n\t\t\t\t\t\t<div class=\"elementor-container elementor-column-gap-default\">\n\t\t\t\t\t<div class=\"elementor-column elementor-col-100 elementor-top-column elementor-element elementor-element-69c5891\" data-id=\"69c5891\" data-element_type=\"column\">\n\t\t\t<div class=\"elementor-widget-wrap elementor-element-populated\">\n\t\t\t\t\t\t<div class=\"elementor-element elementor-element-53780fa elementor-widget elementor-widget-spacer\" data-id=\"53780fa\" data-element_type=\"widget\" data-widget_type=\"spacer.default\">\n\t\t\t\t<div class=\"elementor-widget-container\">\n\t\t\t\t\t\t\t<div class=\"elementor-spacer\">\n\t\t\t<div class=\"elementor-spacer-inner\"><\/div>\n\t\t<\/div>\n\t\t\t\t\t\t<\/div>\n\t\t\t\t<\/div>\n\t\t\t\t<div class=\"elementor-element elementor-element-3180d6b elementor-widget elementor-widget-text-editor\" data-id=\"3180d6b\" data-element_type=\"widget\" data-widget_type=\"text-editor.default\">\n\t\t\t\t<div class=\"elementor-widget-container\">\n\t\t\t\t\t\t\t\t\t<p><strong>An important note for sending your project file: <\/strong><\/p><p><strong>If you send us project files, we recommend that you remove the personal information provided under project data before exporting.<\/strong><\/p>\t\t\t\t\t\t\t\t<\/div>\n\t\t\t\t<\/div>\n\t\t\t\t\t<\/div>\n\t\t<\/div>\n\t\t\t\t\t<\/div>\n\t\t<\/section>\n\t\t\t\t<\/div>","protected":false},"excerpt":{"rendered":"<p>Haben Sie Fragen zur Software PV*SOL und PV*SOL premium? info@paulmclean.co Allgemeine Einf\u00fchrung in die Hauptfunktionen der Software, die Ihnen eine effektivere Nutzung erm\u00f6glichen. Individuelle Einf\u00fchrung in die Software PV*SOL und PV*SOL premium Ich biete eine praxisnahe Einf\u00fchrung in die Software an. Hierf\u00fcr habe ich Kurse in unterschiedlicher L\u00e4nge vorbereitet. Ebenfalls kann ich ganz auf Ihre [&hellip;]<\/p>","protected":false},"author":2,"featured_media":0,"parent":0,"menu_order":0,"comment_status":"closed","ping_status":"closed","template":"","meta":{"footnotes":""},"class_list":["post-1434","page","type-page","status-publish","hentry"],"yoast_head":"<!-- This site is optimized with the Yoast SEO plugin v27.2 - https:\/\/yoast.com\/product\/yoast-seo-wordpress\/ -->\n<title>PV*SOL Coaching - Paul McLean<\/title>\n<meta name=\"robots\" content=\"index, follow, max-snippet:-1, max-image-preview:large, max-video-preview:-1\" \/>\n<link rel=\"canonical\" href=\"https:\/\/paulmclean.co\/en\/pvsolhilfe\/\" \/>\n<meta property=\"og:locale\" content=\"en_GB\" \/>\n<meta property=\"og:type\" content=\"article\" \/>\n<meta property=\"og:title\" content=\"PV*SOL Coaching - Paul McLean\" \/>\n<meta property=\"og:description\" content=\"Haben Sie Fragen zur Software PV*SOL und PV*SOL premium? info@paulmclean.co Allgemeine Einf\u00fchrung in die Hauptfunktionen der Software, die Ihnen eine effektivere Nutzung erm\u00f6glichen. Individuelle Einf\u00fchrung in die Software PV*SOL und PV*SOL premium Ich biete eine praxisnahe Einf\u00fchrung in die Software an. Hierf\u00fcr habe ich Kurse in unterschiedlicher L\u00e4nge vorbereitet. Ebenfalls kann ich ganz auf Ihre [&hellip;]\" \/>\n<meta property=\"og:url\" content=\"https:\/\/paulmclean.co\/en\/pvsolhilfe\/\" \/>\n<meta property=\"og:site_name\" content=\"Paul McLean\" \/>\n<meta property=\"article:modified_time\" content=\"2024-01-02T18:06:32+00:00\" \/>\n<meta property=\"og:image\" content=\"https:\/\/paulmclean.co\/wp-content\/uploads\/2022\/02\/22-Modules-neu.jpg\" \/>\n<meta name=\"twitter:card\" content=\"summary_large_image\" \/>\n<meta name=\"twitter:label1\" content=\"Estimated reading time\" \/>\n\t<meta name=\"twitter:data1\" content=\"2 minutes\" \/>\n<script type=\"application\/ld+json\" class=\"yoast-schema-graph\">{\"@context\":\"https:\/\/schema.org\",\"@graph\":[{\"@type\":\"WebPage\",\"@id\":\"https:\/\/paulmclean.co\/pvsolhilfe\/\",\"url\":\"https:\/\/paulmclean.co\/pvsolhilfe\/\",\"name\":\"PV*SOL Coaching - Paul McLean\",\"isPartOf\":{\"@id\":\"https:\/\/paulmclean.co\/#website\"},\"primaryImageOfPage\":{\"@id\":\"https:\/\/paulmclean.co\/pvsolhilfe\/#primaryimage\"},\"image\":{\"@id\":\"https:\/\/paulmclean.co\/pvsolhilfe\/#primaryimage\"},\"thumbnailUrl\":\"https:\/\/paulmclean.co\/wp-content\/uploads\/2022\/02\/22-Modules-neu.jpg\",\"datePublished\":\"2022-07-24T18:14:17+00:00\",\"dateModified\":\"2024-01-02T18:06:32+00:00\",\"breadcrumb\":{\"@id\":\"https:\/\/paulmclean.co\/pvsolhilfe\/#breadcrumb\"},\"inLanguage\":\"en-GB\",\"potentialAction\":[{\"@type\":\"ReadAction\",\"target\":[\"https:\/\/paulmclean.co\/pvsolhilfe\/\"]}]},{\"@type\":\"ImageObject\",\"inLanguage\":\"en-GB\",\"@id\":\"https:\/\/paulmclean.co\/pvsolhilfe\/#primaryimage\",\"url\":\"https:\/\/paulmclean.co\/wp-content\/uploads\/2022\/02\/22-Modules-neu.jpg\",\"contentUrl\":\"https:\/\/paulmclean.co\/wp-content\/uploads\/2022\/02\/22-Modules-neu.jpg\"},{\"@type\":\"BreadcrumbList\",\"@id\":\"https:\/\/paulmclean.co\/pvsolhilfe\/#breadcrumb\",\"itemListElement\":[{\"@type\":\"ListItem\",\"position\":1,\"name\":\"Home\",\"item\":\"https:\/\/paulmclean.co\/\"},{\"@type\":\"ListItem\",\"position\":2,\"name\":\"PV*SOL Coaching\"}]},{\"@type\":\"WebSite\",\"@id\":\"https:\/\/paulmclean.co\/#website\",\"url\":\"https:\/\/paulmclean.co\/\",\"name\":\"Paul McLean\",\"description\":\"Hochwertiges PV-Anlagendesign\",\"potentialAction\":[{\"@type\":\"SearchAction\",\"target\":{\"@type\":\"EntryPoint\",\"urlTemplate\":\"https:\/\/paulmclean.co\/?s={search_term_string}\"},\"query-input\":{\"@type\":\"PropertyValueSpecification\",\"valueRequired\":true,\"valueName\":\"search_term_string\"}}],\"inLanguage\":\"en-GB\"}]}<\/script>\n<!-- \/ Yoast SEO plugin. -->","yoast_head_json":{"title":"PV*SOL Coaching - Paul McLean","robots":{"index":"index","follow":"follow","max-snippet":"max-snippet:-1","max-image-preview":"max-image-preview:large","max-video-preview":"max-video-preview:-1"},"canonical":"https:\/\/paulmclean.co\/en\/pvsolhilfe\/","og_locale":"en_GB","og_type":"article","og_title":"PV*SOL Coaching - Paul McLean","og_description":"Haben Sie Fragen zur Software PV*SOL und PV*SOL premium? info@paulmclean.co Allgemeine Einf\u00fchrung in die Hauptfunktionen der Software, die Ihnen eine effektivere Nutzung erm\u00f6glichen. Individuelle Einf\u00fchrung in die Software PV*SOL und PV*SOL premium Ich biete eine praxisnahe Einf\u00fchrung in die Software an. Hierf\u00fcr habe ich Kurse in unterschiedlicher L\u00e4nge vorbereitet. Ebenfalls kann ich ganz auf Ihre [&hellip;]","og_url":"https:\/\/paulmclean.co\/en\/pvsolhilfe\/","og_site_name":"Paul McLean","article_modified_time":"2024-01-02T18:06:32+00:00","og_image":[{"url":"https:\/\/paulmclean.co\/wp-content\/uploads\/2022\/02\/22-Modules-neu.jpg","type":"","width":"","height":""}],"twitter_card":"summary_large_image","twitter_misc":{"Estimated reading time":"2 minutes"},"schema":{"@context":"https:\/\/schema.org","@graph":[{"@type":"WebPage","@id":"https:\/\/paulmclean.co\/pvsolhilfe\/","url":"https:\/\/paulmclean.co\/pvsolhilfe\/","name":"PV*SOL Coaching - Paul McLean","isPartOf":{"@id":"https:\/\/paulmclean.co\/#website"},"primaryImageOfPage":{"@id":"https:\/\/paulmclean.co\/pvsolhilfe\/#primaryimage"},"image":{"@id":"https:\/\/paulmclean.co\/pvsolhilfe\/#primaryimage"},"thumbnailUrl":"https:\/\/paulmclean.co\/wp-content\/uploads\/2022\/02\/22-Modules-neu.jpg","datePublished":"2022-07-24T18:14:17+00:00","dateModified":"2024-01-02T18:06:32+00:00","breadcrumb":{"@id":"https:\/\/paulmclean.co\/pvsolhilfe\/#breadcrumb"},"inLanguage":"en-GB","potentialAction":[{"@type":"ReadAction","target":["https:\/\/paulmclean.co\/pvsolhilfe\/"]}]},{"@type":"ImageObject","inLanguage":"en-GB","@id":"https:\/\/paulmclean.co\/pvsolhilfe\/#primaryimage","url":"https:\/\/paulmclean.co\/wp-content\/uploads\/2022\/02\/22-Modules-neu.jpg","contentUrl":"https:\/\/paulmclean.co\/wp-content\/uploads\/2022\/02\/22-Modules-neu.jpg"},{"@type":"BreadcrumbList","@id":"https:\/\/paulmclean.co\/pvsolhilfe\/#breadcrumb","itemListElement":[{"@type":"ListItem","position":1,"name":"Home","item":"https:\/\/paulmclean.co\/"},{"@type":"ListItem","position":2,"name":"PV*SOL Coaching"}]},{"@type":"WebSite","@id":"https:\/\/paulmclean.co\/#website","url":"https:\/\/paulmclean.co\/","name":"Paul McLean","description":"Hochwertiges PV-Anlagendesign","potentialAction":[{"@type":"SearchAction","target":{"@type":"EntryPoint","urlTemplate":"https:\/\/paulmclean.co\/?s={search_term_string}"},"query-input":{"@type":"PropertyValueSpecification","valueRequired":true,"valueName":"search_term_string"}}],"inLanguage":"en-GB"}]}},"_links":{"self":[{"href":"https:\/\/paulmclean.co\/en\/wp-json\/wp\/v2\/pages\/1434","targetHints":{"allow":["GET"]}}],"collection":[{"href":"https:\/\/paulmclean.co\/en\/wp-json\/wp\/v2\/pages"}],"about":[{"href":"https:\/\/paulmclean.co\/en\/wp-json\/wp\/v2\/types\/page"}],"author":[{"embeddable":true,"href":"https:\/\/paulmclean.co\/en\/wp-json\/wp\/v2\/users\/2"}],"replies":[{"embeddable":true,"href":"https:\/\/paulmclean.co\/en\/wp-json\/wp\/v2\/comments?post=1434"}],"version-history":[{"count":137,"href":"https:\/\/paulmclean.co\/en\/wp-json\/wp\/v2\/pages\/1434\/revisions"}],"predecessor-version":[{"id":1850,"href":"https:\/\/paulmclean.co\/en\/wp-json\/wp\/v2\/pages\/1434\/revisions\/1850"}],"wp:attachment":[{"href":"https:\/\/paulmclean.co\/en\/wp-json\/wp\/v2\/media?parent=1434"}],"curies":[{"name":"wp","href":"https:\/\/api.w.org\/{rel}","templated":true}]}}